{"id":1819,"date":"2020-08-26T22:37:37","date_gmt":"2020-08-26T22:37:37","guid":{"rendered":"https:\/\/studiolegalegioffredi.it\/?page_id=1819"},"modified":"2020-08-26T22:44:02","modified_gmt":"2020-08-26T22:44:02","slug":"cookies-policy","status":"publish","type":"page","link":"https:\/\/studiolegalegioffredi.it\/en\/cookies-policy\/","title":{"rendered":"Cookies Policy"},"content":{"rendered":"<p><em><u>Informativa estesa sull\u2019utilizzo dei cookie<\/u><\/em><\/p>\n\n\n\n<p>Ai sensi degli artt. 6 e 7 del Regolamento Ue 2016\/679, nonch\u00e9 in base a quanto previsto dal Provvedimento n.229 dell\u20198 maggio 2014 emesso dal Garante per la protezione dei dati personali, in questa pagina il Titolare del trattamento dei dati personali, Avv. Arturo Gioffredi domiciliato in Viale Monte Nero, 50 \u2013 20135 Milano fornisce agli utenti del sito web <a href=\"http:\/\/www.gioffredi-law.it\/\">www.gioffredi-law.it<\/a> \u2013 <a href=\"https:\/\/studiolegalegioffredi.it\/en\/\">www.studiolegalegioffredi.it<\/a> informazioni relative ai cookie utilizzati e\/o proposti per l\u2019archiviazione.<\/p>\n\n\n\n<p>La presente informativa estesa sull\u2019utilizzo dei cookie (di seguito anche \u201ccookie policy\u201d) deve essere recepita avendo cura di aver letto, in un documento separato, l\u2019informativa privacy, ex art. 13 Regolamento Ue 2016\/679, consultabile nell\u2019apposita sezione \u201cprivacy\u201d presente sul sito https:\/\/www.gioffredi-law.it, nel footer della home page.<\/p>\n\n\n\n<p>Detta cookie policy, inoltre, ha come finalit\u00e0 quella di descrivere gli elementi previsti dalla legge, descrivere le caratteristiche e le finalit\u00e0 dei cookie installati dal sito web www.canellacamaiora.it, includere il link aggiornato alle informative ed ai moduli di consenso delle terze parti con le quali il Titolare ha stipulato accordi per l\u2019installazione di cookie tramite il proprio sito e richiamare, infine, la possibilit\u00e0 per l\u2019utente di manifestare le proprie opzioni sui cookie anche attraverso le impostazioni del browser utilizzato.<\/p>\n\n\n\n<p><em><u>Cosa sono i cookie<\/u><\/em><\/p>\n\n\n\n<p>I cookie sono stringhe di testo che i siti visitati dagli utenti inviano al terminale di costoro, dove sono memorizzati per essere poi ritrasmessi, all\u2019accesso successivo dell\u2019utente, agli stessi siti.<\/p>\n\n\n\n<p>L\u2019utente pu\u00f2 anche ricevere sul suo terminale cookies provenienti da siti o da web server differenti da quelli visitati, c.d. di \u201cterza parte\u201d. Grazie all\u2019archiviazione dei cookie l\u2019utente pu\u00f2 personalizzare la fruizione di alcuni contenuti del sito web mediante salvataggio di proprie impostazioni preferite. Ad esempio, \u00e8 possibile predisporre un cookie per il riconoscimento dell\u2019utente registrato sul sito senza che lo stesso debba procedere, nell\u2019occasione di una nuova visita, ad una nuova autenticazione.<\/p>\n\n\n\n<p>Il Garante per la protezione dei dati personali nel Provvedimento n.229 dell\u20198 maggio 2014, propone una tassonomia che identifica due categorie di cookie in base a due possibili finalit\u00e0 di trattamento, indicati di seguito:<\/p>\n\n\n\n<p>\u2013&nbsp;&nbsp;&nbsp;&nbsp;&nbsp;&nbsp;&nbsp;&nbsp;&nbsp; Cookie Tecnici: sono cookie che servono a effettuare la trasmissione di una comunicazione su una rete di comunicazione elettronica o nella misura strettamente necessaria al fornitore di un servizio della societ\u00e0 dell\u2019informazione esplicitamente richiesto dall\u2019abbonato o dall\u2019utente a erogare tale servizio. Garantiscono la normale navigazione e fruizione del servizio. Non vengono utilizzati per scopi ulteriori e sono normalmente installati direttamente dal titolare o gestore del sito web. La presenza di essi consente, per esempio, di realizzare un acquisto o registrarsi ad un sito.&nbsp; Per l0installazione dei cookies tecnici non \u00e8 necessario il preventivo consenso degli utenti mentre occorre dare informazioni ai sensi del Regolamento europeo 679\/2016, che il gestore del sito potr\u00e0 fornire con le modalit\u00e0 che ritiene pi\u00f9 idonee;<\/p>\n\n\n\n<p>\u2013&nbsp;&nbsp;&nbsp;&nbsp;&nbsp;&nbsp;&nbsp;&nbsp;&nbsp; Cookie di profilazione: sono cookie volti a creare profili relativi all\u2019utente per inviare messaggi pubblicitari in linea con le preferenze manifestate dallo stesso nell\u2019ambito della navigazione in rete. In particolare, consentono accesso a gusti, abitudini, scelte. In merito occorre esplicito consenso dell\u2019utente previa informativa con modalit\u00e0 semplificate.<\/p>\n\n\n\n<p>\u2013&nbsp;&nbsp;&nbsp;&nbsp;&nbsp;&nbsp;&nbsp;&nbsp;&nbsp; Cookie Analitici: il Garante (in riferimento al Provvedimento numero 229 dell\u20198 maggio 2014), ha precisato che detti cookie possono essere assimilati ai cookie tecnici soltanto se utilizzati a fini di ottimizzazione del sito e direttamente dal Titolare del sito stesso (quindi non da una terza parte), che potr\u00e0 raccogliere informazioni in forma aggregata sul numero degli utenti e su come questi visitano il sito. A queste condizioni, per i cookie analitici valgono le stesse regole, in tema di informativa e consenso, previste per i cookie tecnici.<\/p>\n\n\n\n<p><em><u>Cookie installati su questo sito<\/u><\/em><\/p>\n\n\n\n<p>_fbp<\/p>\n\n\n\n<p>Utilizzato da Facebook per fornire una serie di prodotti pubblicitari come offerte in tempo reale da inserzionisti terzi.<\/p>\n\n\n\n<p>Profilazione<\/p>\n\n\n\n<p>Sessione<\/p>\n\n\n\n<p>_ga<\/p>\n\n\n\n<p>Calcolare i dati di visitatori, sessioni e campagne per i rapporti di analisi dei siti<\/p>\n\n\n\n<p>Analitico<\/p>\n\n\n\n<p>2 anni<\/p>\n\n\n\n<p>_gid<\/p>\n\n\n\n<p>Archiviare e aggiornare un valore univoco per ogni pagina visitata<\/p>\n\n\n\n<p>Analitico<\/p>\n\n\n\n<p>1 giorno<\/p>\n\n\n\n<p>_gat<\/p>\n\n\n\n<p>Limitare la velocit\u00e0 della richiesta<\/p>\n\n\n\n<p>Analitico<\/p>\n\n\n\n<p>10 minuti<\/p>\n\n\n\n<p>_hjClosedSurveyInvites<\/p>\n\n\n\n<p>Hotjar cookie. This cookie is set once a visitor interacts with a Survey invitation modal popup. It is used to ensure that the same invite does not re-appear if it has already been shown.<\/p>\n\n\n\n<p>365 giorni<\/p>\n\n\n\n<p>_hjDonePolls Hotjar cookie.<\/p>\n\n\n\n<p>This cookie is set once a visitor completes a poll using the Feedback Poll widget. It is used to ensure that the same poll does not re-appear if it has already been filled in.<\/p>\n\n\n\n<p>365 giorni<\/p>\n\n\n\n<p>_hjMinimizedPolls Hotjar cookie.<\/p>\n\n\n\n<p>This cookie is set once a visitor minimizes a Feedback Poll widget. It is used to ensure that the widget stays minimizes when the visitor navigates through your site. 365 giorni<\/p>\n\n\n\n<p>_hjDoneTestersWidgets Hotjar cookie.<\/p>\n\n\n\n<p>This cookie is set once a visitor submits their information in the Recruit User Testers widget. It is used to ensure that the same form does not re-appear if it has already been filled in. 365 giorni<\/p>\n\n\n\n<p>_hjMinimizedTestersWidgets Hotjar cookie.<\/p>\n\n\n\n<p>This cookie is set once a visitor minimizes a Recruit User Testers widget. It is used to ensure that the widget stays minimizes when the visitor navigates through your site. 365 giorni<\/p>\n\n\n\n<p>_hjIncludedInSample Hotjar cookie.<\/p>\n\n\n\n<p>This session cookie is set to let Hotjar know whether that visitor is included in the sample which is used to generate funnels.<\/p>\n\n\n\n<p>365 giorni<\/p>\n\n\n\n<p>_hjShownFeedbackMessage<\/p>\n\n\n\n<p>This cookie is set when a visitor minimizes or completes Incoming Feedback. This is done so that the Incoming Feedback will load as minimized immediately if they navigate to another page where it is set to show.<\/p>\n\n\n\n<p>365 giorni<\/p>\n\n\n\n<p>_hjid Hotjar cookie.<\/p>\n\n\n\n<p>This cookie is set when the customer first lands on a page with the Hotjar script. It is used to persist the random user ID, unique to that site on the browser. This ensures that behavior in subsequent visits to the same site will be attributed to the same user ID.<\/p>\n\n\n\n<p>365 giorni<\/p>\n\n\n\n<p>pll_language<\/p>\n\n\n\n<p>Utilizzato dal sito per memorizzare la preferenza sulla lingua di navigazione.<\/p>\n\n\n\n<p>Durata: 1 anno<\/p>\n\n\n\n<p>cookie_notice_accepted<\/p>\n\n\n\n<p>Utilizzato per memorizzare le preferenze riguardo l\u2019avviso sui cookie.<\/p>\n\n\n\n<p>Durata: 1 mese<\/p>\n\n\n\n<p><em><u>Acquisizione del consenso all\u2019archiviazione dei cookie<\/u><\/em><\/p>\n\n\n\n<p>Per tenere traccia del consenso acquisito, il Titolare del sito web si avvale di un apposito cookie tecnico, sistema non particolarmente invasivo e che non richiede a sua volta un ulteriore consenso. In presenza di tale \u201cdocumentazione\u201d, non \u00e8 necessario che l\u2019informativa breve sia riproposta alla seconda visita dell\u2019utente sul sito, ferma restando la possibilit\u00e0 per quest\u2019ultimo di negare il consenso e\/o modificare, in ogni momento e in maniera agevole, le proprie opzioni, ad esempio tramite accesso all\u2019informativa estesa, che deve essere quindi accessibile da ogni pagina del sito.<\/p>\n\n\n\n<p><em><u>Conferimento dei dati<\/u><\/em><\/p>\n\n\n\n<p>Fatta eccezione per i cookie tecnici strettamente necessari alla normale navigazione, il conferimento dei dati \u00e8 rimesso alla volont\u00e0 dell\u2019interessato che decida di navigare sul sito dopo aver preso visione dell\u2019informativa breve contenuta nell\u2019apposito banner. L\u2019interessato pu\u00f2 evitare l\u2019installazione dei attraverso le apposite funzioni disponibili sul proprio browser o interrompendo la navigazione.<\/p>\n\n\n\n<p><em><u>Come disabilitare l\u2019archiviazione dei cookie mediante le impostazioni del browser<\/u><\/em><\/p>\n\n\n\n<p>\u00c8 possibile negare il consenso generale all\u2019installazione di qualunque cookie sul dispositivo dell\u2019utente selezionando l\u2019impostazione appropriata del proprio browser: la navigazione senza tracciamento delle proprie attivit\u00e0 sar\u00e0 comunque disponibile in tutte le sue funzionalit\u00e0. Di seguito vengono forniti link che informano l\u2019utente su come disabilitare i cookie per i browser pi\u00f9 utilizzati:<\/p>\n\n\n\n<p>Internet Explorer:<\/p>\n\n\n\n<p><a href=\"https:\/\/support.microsoft.com\/it-it\/help\/17442\/windows-internet-explorer-delete-manage-cookies\">https:\/\/support.microsoft.com\/it-it\/help\/17442\/windows-internet-explorer-delete-manage-cookies<\/a><\/p>\n\n\n\n<p>Chrome:<\/p>\n\n\n\n<p><a href=\"https:\/\/support.google.com\/chrome\/answer\/95647?hl=it&amp;topic=14666&amp;ctx=topic;\">https:\/\/support.google.com\/chrome\/answer\/95647?hl=it&amp;topic=14666&amp;ctx=topic;<\/a><\/p>\n\n\n\n<p>Firefox:<\/p>\n\n\n\n<p><a href=\"https:\/\/support.mozilla.org\/it\/kb\/Attivare%20e%20disattivare%20i%20cookie\">https:\/\/support.mozilla.org\/it\/kb\/Attivare%20e%20disattivare%20i%20cookie<\/a><\/p>\n\n\n\n<p>Safari:<\/p>\n\n\n\n<p><a href=\"https:\/\/support.apple.com\/kb\/PH17191?locale=it_IT&amp;viewlocale=it_IT\">https:\/\/support.apple.com\/kb\/PH17191?locale=it_IT&amp;viewlocale=it_IT<\/a><\/p>","protected":false},"excerpt":{"rendered":"<p>Informativa estesa sull\u2019utilizzo dei cookie Ai sensi degli artt. 6 e 7 del Regolamento Ue 2016\/679, nonch\u00e9 in base a quanto previsto dal Provvedimento n.229 dell\u20198 maggio 2014 emesso dal Garante per la protezione dei dati personali, in questa pagina il Titolare del trattamento dei dati personali, Avv. Arturo Gioffredi domiciliato in Viale Monte Nero, [&hellip;]<\/p>","protected":false},"author":2,"featured_media":0,"parent":0,"menu_order":0,"comment_status":"closed","ping_status":"closed","template":"","meta":{"_coblocks_attr":"","_coblocks_dimensions":"","_coblocks_responsive_height":"","_coblocks_accordion_ie_support":"","_monsterinsights_skip_tracking":false,"_monsterinsights_sitenote_active":false,"_monsterinsights_sitenote_note":"","_monsterinsights_sitenote_category":0,"footnotes":""},"class_list":["post-1819","page","type-page","status-publish","hentry"],"yoast_head":"<!-- This site is optimized with the Yoast SEO plugin v19.8 - https:\/\/yoast.com\/wordpress\/plugins\/seo\/ -->\n<title>Cookies Policy - Studio Legale Gioffredi<\/title>\n<meta name=\"robots\" content=\"index, follow, max-snippet:-1, max-image-preview:large, max-video-preview:-1\" \/>\n<link rel=\"canonical\" href=\"https:\/\/studiolegalegioffredi.it\/en\/cookies-policy\/\" \/>\n<meta property=\"og:locale\" content=\"en_GB\" \/>\n<meta property=\"og:type\" content=\"article\" \/>\n<meta property=\"og:title\" content=\"Cookies Policy - Studio Legale Gioffredi\" \/>\n<meta property=\"og:description\" content=\"Informativa estesa sull\u2019utilizzo dei cookie Ai sensi degli artt. 6 e 7 del Regolamento Ue 2016\/679, nonch\u00e9 in base a quanto previsto dal Provvedimento n.229 dell\u20198 maggio 2014 emesso dal Garante per la protezione dei dati personali, in questa pagina il Titolare del trattamento dei dati personali, Avv. Arturo Gioffredi domiciliato in Viale Monte Nero, [&hellip;]\" \/>\n<meta property=\"og:url\" content=\"https:\/\/studiolegalegioffredi.it\/en\/cookies-policy\/\" \/>\n<meta property=\"og:site_name\" content=\"Studio Legale Gioffredi\" \/>\n<meta property=\"article:publisher\" content=\"https:\/\/www.facebook.com\/studiolegalegioffredi\" \/>\n<meta property=\"article:modified_time\" content=\"2020-08-26T22:44:02+00:00\" \/>\n<meta name=\"twitter:card\" content=\"summary_large_image\" \/>\n<meta name=\"twitter:label1\" content=\"Estimated reading time\" \/>\n\t<meta name=\"twitter:data1\" content=\"7 minutes\" \/>\n<script type=\"application\/ld+json\" class=\"yoast-schema-graph\">{\"@context\":\"https:\/\/schema.org\",\"@graph\":[{\"@type\":\"WebPage\",\"@id\":\"https:\/\/studiolegalegioffredi.it\/cookies-policy\/\",\"url\":\"https:\/\/studiolegalegioffredi.it\/cookies-policy\/\",\"name\":\"Cookies Policy - Studio Legale Gioffredi\",\"isPartOf\":{\"@id\":\"https:\/\/studiolegalegioffredi.it\/en\/#website\"},\"datePublished\":\"2020-08-26T22:37:37+00:00\",\"dateModified\":\"2020-08-26T22:44:02+00:00\",\"breadcrumb\":{\"@id\":\"https:\/\/studiolegalegioffredi.it\/cookies-policy\/#breadcrumb\"},\"inLanguage\":\"en-GB\",\"potentialAction\":[{\"@type\":\"ReadAction\",\"target\":[\"https:\/\/studiolegalegioffredi.it\/cookies-policy\/\"]}]},{\"@type\":\"BreadcrumbList\",\"@id\":\"https:\/\/studiolegalegioffredi.it\/cookies-policy\/#breadcrumb\",\"itemListElement\":[{\"@type\":\"ListItem\",\"position\":1,\"name\":\"Home\",\"item\":\"https:\/\/studiolegalegioffredi.it\/\"},{\"@type\":\"ListItem\",\"position\":2,\"name\":\"Cookies Policy\"}]},{\"@type\":\"WebSite\",\"@id\":\"https:\/\/studiolegalegioffredi.it\/en\/#website\",\"url\":\"https:\/\/studiolegalegioffredi.it\/en\/\",\"name\":\"Studio Legale Gioffredi\",\"description\":\"\",\"publisher\":{\"@id\":\"https:\/\/studiolegalegioffredi.it\/en\/#organization\"},\"potentialAction\":[{\"@type\":\"SearchAction\",\"target\":{\"@type\":\"EntryPoint\",\"urlTemplate\":\"https:\/\/studiolegalegioffredi.it\/en\/?s={search_term_string}\"},\"query-input\":\"required name=search_term_string\"}],\"inLanguage\":\"en-GB\"},{\"@type\":\"Organization\",\"@id\":\"https:\/\/studiolegalegioffredi.it\/en\/#organization\",\"name\":\"Studio Legale Gioffredi\",\"url\":\"https:\/\/studiolegalegioffredi.it\/en\/\",\"sameAs\":[\"https:\/\/www.instagram.com\/studiolegalegioffredi\/\",\"https:\/\/www.linkedin.com\/company\/studio-legale-gioffredi\/\",\"https:\/\/www.facebook.com\/studiolegalegioffredi\"],\"logo\":{\"@type\":\"ImageObject\",\"inLanguage\":\"en-GB\",\"@id\":\"https:\/\/studiolegalegioffredi.it\/en\/#\/schema\/logo\/image\/\",\"url\":\"https:\/\/secureservercdn.net\/160.153.137.171\/ona.311.myftpupload.com\/wp-content\/uploads\/2020\/08\/logo-no-sfondo.png?time=1666420825\",\"contentUrl\":\"https:\/\/secureservercdn.net\/160.153.137.171\/ona.311.myftpupload.com\/wp-content\/uploads\/2020\/08\/logo-no-sfondo.png?time=1666420825\",\"width\":879,\"height\":291,\"caption\":\"Studio Legale Gioffredi\"},\"image\":{\"@id\":\"https:\/\/studiolegalegioffredi.it\/en\/#\/schema\/logo\/image\/\"}}]}<\/script>\n<!-- \/ Yoast SEO plugin. -->","yoast_head_json":{"title":"Cookies Policy - Studio Legale Gioffredi","robots":{"index":"index","follow":"follow","max-snippet":"max-snippet:-1","max-image-preview":"max-image-preview:large","max-video-preview":"max-video-preview:-1"},"canonical":"https:\/\/studiolegalegioffredi.it\/en\/cookies-policy\/","og_locale":"en_GB","og_type":"article","og_title":"Cookies Policy - Studio Legale Gioffredi","og_description":"Informativa estesa sull\u2019utilizzo dei cookie Ai sensi degli artt. 6 e 7 del Regolamento Ue 2016\/679, nonch\u00e9 in base a quanto previsto dal Provvedimento n.229 dell\u20198 maggio 2014 emesso dal Garante per la protezione dei dati personali, in questa pagina il Titolare del trattamento dei dati personali, Avv. Arturo Gioffredi domiciliato in Viale Monte Nero, [&hellip;]","og_url":"https:\/\/studiolegalegioffredi.it\/en\/cookies-policy\/","og_site_name":"Studio Legale Gioffredi","article_publisher":"https:\/\/www.facebook.com\/studiolegalegioffredi","article_modified_time":"2020-08-26T22:44:02+00:00","twitter_card":"summary_large_image","twitter_misc":{"Estimated reading time":"7 minutes"},"schema":{"@context":"https:\/\/schema.org","@graph":[{"@type":"WebPage","@id":"https:\/\/studiolegalegioffredi.it\/cookies-policy\/","url":"https:\/\/studiolegalegioffredi.it\/cookies-policy\/","name":"Cookies Policy - Studio Legale Gioffredi","isPartOf":{"@id":"https:\/\/studiolegalegioffredi.it\/en\/#website"},"datePublished":"2020-08-26T22:37:37+00:00","dateModified":"2020-08-26T22:44:02+00:00","breadcrumb":{"@id":"https:\/\/studiolegalegioffredi.it\/cookies-policy\/#breadcrumb"},"inLanguage":"en-GB","potentialAction":[{"@type":"ReadAction","target":["https:\/\/studiolegalegioffredi.it\/cookies-policy\/"]}]},{"@type":"BreadcrumbList","@id":"https:\/\/studiolegalegioffredi.it\/cookies-policy\/#breadcrumb","itemListElement":[{"@type":"ListItem","position":1,"name":"Home","item":"https:\/\/studiolegalegioffredi.it\/"},{"@type":"ListItem","position":2,"name":"Cookies Policy"}]},{"@type":"WebSite","@id":"https:\/\/studiolegalegioffredi.it\/en\/#website","url":"https:\/\/studiolegalegioffredi.it\/en\/","name":"Law Firm Gioffredi","description":"","publisher":{"@id":"https:\/\/studiolegalegioffredi.it\/en\/#organization"},"potentialAction":[{"@type":"SearchAction","target":{"@type":"EntryPoint","urlTemplate":"https:\/\/studiolegalegioffredi.it\/en\/?s={search_term_string}"},"query-input":"required name=search_term_string"}],"inLanguage":"en-GB"},{"@type":"Organization","@id":"https:\/\/studiolegalegioffredi.it\/en\/#organization","name":"Law Firm Gioffredi","url":"https:\/\/studiolegalegioffredi.it\/en\/","sameAs":["https:\/\/www.instagram.com\/studiolegalegioffredi\/","https:\/\/www.linkedin.com\/company\/studio-legale-gioffredi\/","https:\/\/www.facebook.com\/studiolegalegioffredi"],"logo":{"@type":"ImageObject","inLanguage":"en-GB","@id":"https:\/\/studiolegalegioffredi.it\/en\/#\/schema\/logo\/image\/","url":"https:\/\/secureservercdn.net\/160.153.137.171\/ona.311.myftpupload.com\/wp-content\/uploads\/2020\/08\/logo-no-sfondo.png?time=1666420825","contentUrl":"https:\/\/secureservercdn.net\/160.153.137.171\/ona.311.myftpupload.com\/wp-content\/uploads\/2020\/08\/logo-no-sfondo.png?time=1666420825","width":879,"height":291,"caption":"Studio Legale Gioffredi"},"image":{"@id":"https:\/\/studiolegalegioffredi.it\/en\/#\/schema\/logo\/image\/"}}]}},"_links":{"self":[{"href":"https:\/\/studiolegalegioffredi.it\/en\/wp-json\/wp\/v2\/pages\/1819","targetHints":{"allow":["GET"]}}],"collection":[{"href":"https:\/\/studiolegalegioffredi.it\/en\/wp-json\/wp\/v2\/pages"}],"about":[{"href":"https:\/\/studiolegalegioffredi.it\/en\/wp-json\/wp\/v2\/types\/page"}],"author":[{"embeddable":true,"href":"https:\/\/studiolegalegioffredi.it\/en\/wp-json\/wp\/v2\/users\/2"}],"replies":[{"embeddable":true,"href":"https:\/\/studiolegalegioffredi.it\/en\/wp-json\/wp\/v2\/comments?post=1819"}],"version-history":[{"count":2,"href":"https:\/\/studiolegalegioffredi.it\/en\/wp-json\/wp\/v2\/pages\/1819\/revisions"}],"predecessor-version":[{"id":1823,"href":"https:\/\/studiolegalegioffredi.it\/en\/wp-json\/wp\/v2\/pages\/1819\/revisions\/1823"}],"wp:attachment":[{"href":"https:\/\/studiolegalegioffredi.it\/en\/wp-json\/wp\/v2\/media?parent=1819"}],"curies":[{"name":"wp","href":"https:\/\/api.w.org\/{rel}","templated":true}]}}